{"id":71853,"date":"2025-02-18T14:56:01","date_gmt":"2025-02-18T14:56:01","guid":{"rendered":"https:\/\/ottawagolddev.wpenginepowered.com\/?page_id=71853"},"modified":"2025-08-16T22:41:15","modified_gmt":"2025-08-17T02:41:15","slug":"about-canada-gold-toronto","status":"publish","type":"page","link":"https:\/\/torontogold.com\/fr\/about-canada-gold-toronto\/","title":{"rendered":"\u00c0 propos de Canada Gold Toronto"},"content":{"rendered":"<p>[et_pb_section fb_built=&#8221;1&#8243; custom_padding_last_edited=&#8221;on|desktop&#8221; admin_label=&#8221;Section&#8221; _builder_version=&#8221;4.27.4&#8243; _module_preset=&#8221;default&#8221; background_color=&#8221;#032340&#8243; height_tablet=&#8221;&#8221; height_phone=&#8221;&#8221; height_last_edited=&#8221;on|desktop&#8221; custom_padding=&#8221;9px||4px||false|false&#8221; custom_padding_tablet=&#8221;9px||4px||false|false&#8221; custom_padding_phone=&#8221;9px||4px||false|false&#8221; border_color_bottom=&#8221;#D2AE74&#8243; saved_tabs=&#8221;all&#8221; locked=&#8221;off&#8221; collapsed=&#8221;off&#8221; global_colors_info=&#8221;{}&#8221;][et_pb_row make_equal=&#8221;on&#8221; _builder_version=&#8221;4.27.4&#8243; _module_preset=&#8221;default&#8221; custom_padding=&#8221;0px||0px||false|false&#8221; custom_css_main_element=&#8221;display:flex;&#8221; global_colors_info=&#8221;{}&#8221;][et_pb_column type=&#8221;4_4&#8243; _builder_version=&#8221;4.27.4&#8243; _module_preset=&#8221;default&#8221; custom_css_main_element=&#8221;display:flex;||flex-direction:column;||justify-content: center;&#8221; global_colors_info=&#8221;{}&#8221;][et_pb_text _builder_version=&#8221;4.27.4&#8243; _dynamic_attributes=&#8221;content&#8221; _module_preset=&#8221;default&#8221; header_font=&#8221;|&#8211;et_global_heading_font_weight||on|||||&#8221; header_text_align=&#8221;center&#8221; header_text_color=&#8221;#FFFFFF&#8221; header_font_size=&#8221;38px&#8221; custom_css_free_form=&#8221;.selector h1 {||  font-weight:400!important;||}&#8221; global_colors_info=&#8221;{}&#8221;]@ET-DC@eyJkeW5hbWljIjp0cnVlLCJjb250ZW50IjoicG9zdF90aXRsZSIsInNldHRpbmdzIjp7ImJlZm9yZSI6IjxoMT4iLCJhZnRlciI6IjwvaDE+In19@[\/et_pb_text][\/et_pb_column][\/et_pb_row][\/et_pb_section][et_pb_section fb_built=&#8221;1&#8243; _builder_version=&#8221;4.27.4&#8243; _module_preset=&#8221;default&#8221; custom_margin=&#8221;||20px||false|false&#8221; custom_padding=&#8221;0px||0px||false|false&#8221; global_module=&#8221;151&#8243; saved_tabs=&#8221;all&#8221; locked=&#8221;off&#8221; global_colors_info=&#8221;{}&#8221;][et_pb_row _builder_version=&#8221;4.27.4&#8243; _module_preset=&#8221;default&#8221; max_width=&#8221;1280px&#8221; custom_padding=&#8221;20px||20px||true|false&#8221; global_colors_info=&#8221;{}&#8221;][et_pb_column type=&#8221;4_4&#8243; _builder_version=&#8221;4.27.4&#8243; _module_preset=&#8221;default&#8221; global_colors_info=&#8221;{}&#8221;][et_pb_text _builder_version=&#8221;4.27.4&#8243; _module_preset=&#8221;default&#8221; text_font=&#8221;|&#8211;et_global_body_font_weight||on|||||&#8221; text_text_color=&#8221;#0E3E63&#8243; text_font_size=&#8221;14px&#8221; link_font=&#8221;|||on|||||&#8221; link_text_color=&#8221;#000000&#8243; global_colors_info=&#8221;{}&#8221;]<\/p>\n<div data-plaintext=\"true\" data-pm-slice=\"1 1 [&quot;codeblock&quot;,{&quot;style&quot;:null,&quot;codeblock&quot;:true,&quot;textAlign&quot;:null,&quot;syntaxLanguage&quot;:null,&quot;lineWrapping&quot;:false}]\" data-en-clipboard=\"true\"><span><span><a href=\"https:\/\/torontogold.com\/\">Home<\/a><\/span><\/span><\/div>\n<p>[\/et_pb_text][\/et_pb_column][\/et_pb_row][\/et_pb_section][et_pb_section fb_built=&#8221;1&#8243; _builder_version=&#8221;4.27.4&#8243; _module_preset=&#8221;default&#8221; custom_padding=&#8221;0px||||false|false&#8221; global_colors_info=&#8221;{}&#8221;][et_pb_row column_structure=&#8221;2_5,3_5&#8243; _builder_version=&#8221;4.27.4&#8243; _module_preset=&#8221;default&#8221; max_width=&#8221;1280px&#8221; custom_padding=&#8221;20px||||false|false&#8221; global_colors_info=&#8221;{}&#8221;][et_pb_column type=&#8221;2_5&#8243; _builder_version=&#8221;4.27.4&#8243; _module_preset=&#8221;default&#8221; global_colors_info=&#8221;{}&#8221;][et_pb_text _builder_version=&#8221;4.27.4&#8243; _module_preset=&#8221;default&#8221; text_text_color=&#8221;#000000&#8243; header_3_text_color=&#8221;#242424&#8243; header_3_line_height=&#8221;1.2em&#8221; text_font_size_tablet=&#8221;&#8221; text_font_size_phone=&#8221;18px&#8221; text_font_size_last_edited=&#8221;on|phone&#8221; global_colors_info=&#8221;{}&#8221;]<\/p>\n<h2>Earning Toronto\u2019s Trust<\/h2>\n<p>When we started Canada Gold almost two decades ago, selling gold in Canada often meant stepping into pawn shops or mailing your items away. Prices were rarely posted, important details were kept from you and negotiations aimed to pay as little as possible to customers. We set out to create a better option and brought it to major cities across the country. Today, our Toronto location in the Bloorcourt neighbourhood offers a welcoming, professional space with transparent pricing tied to live market rates. Whether you\u2019re selling jewellery, coins, silverware or bullion we test your items in front of you, explain every step, and make sure you leave with the best possible offer.<\/p>\n<p>[\/et_pb_text][\/et_pb_column][et_pb_column type=&#8221;3_5&#8243; _builder_version=&#8221;4.27.4&#8243; _module_preset=&#8221;default&#8221; global_colors_info=&#8221;{}&#8221;][et_pb_slider show_arrows=&#8221;off&#8221; show_pagination=&#8221;off&#8221; _builder_version=&#8221;4.27.4&#8243; _module_preset=&#8221;default&#8221; header_font_size=&#8221;46px&#8221; auto=&#8221;on&#8221; auto_ignore_hover=&#8221;on&#8221; global_colors_info=&#8221;{}&#8221;][et_pb_slide heading=&#8221;GOLD &#038; SILVER PROFESSIONALS&#8221; use_bg_overlay=&#8221;on&#8221; _builder_version=&#8221;4.27.4&#8243; _module_preset=&#8221;default&#8221; header_font=&#8221;|&#8211;et_global_body_font_weight|||||||&#8221; header_font_size=&#8221;41px&#8221; background_image=&#8221;https:\/\/torontogold.com\/wp-content\/uploads\/2025\/01\/Test-6-Option2-1.jpg&#8221; background_enable_image=&#8221;on&#8221; background_position=&#8221;center_right&#8221; header_font_size_tablet=&#8221;41px&#8221; header_font_size_phone=&#8221;29px&#8221; header_font_size_last_edited=&#8221;on|phone&#8221; header_text_shadow_style=&#8221;preset4&#8243; global_colors_info=&#8221;{}&#8221; sticky_transition=&#8221;on&#8221;][\/et_pb_slide][et_pb_slide heading=&#8221;WE BUY &#038; SELL GOLD BARS&#8221; use_bg_overlay=&#8221;on&#8221; _builder_version=&#8221;4.27.4&#8243; _module_preset=&#8221;default&#8221; header_font=&#8221;|&#8211;et_global_body_font_weight|||||||&#8221; header_font_size=&#8221;41px&#8221; background_image=&#8221;https:\/\/torontogold.com\/wp-content\/uploads\/2025\/01\/Gold-Bars-1.jpg&#8221; background_enable_image=&#8221;on&#8221; background_position=&#8221;center_right&#8221; header_text_shadow_style=&#8221;preset4&#8243; global_colors_info=&#8221;{}&#8221; sticky_transition=&#8221;on&#8221;][\/et_pb_slide][et_pb_slide heading=&#8221;WE BUY &#038; SELL JEWELLERY&#8221; use_bg_overlay=&#8221;on&#8221; _builder_version=&#8221;4.27.4&#8243; _module_preset=&#8221;default&#8221; header_font=&#8221;|&#8211;et_global_body_font_weight|||||||&#8221; header_font_size=&#8221;41px&#8221; background_image=&#8221;https:\/\/torontogold.com\/wp-content\/uploads\/2025\/04\/Jewellery.jpg&#8221; background_enable_image=&#8221;on&#8221; background_position=&#8221;center_right&#8221; header_text_shadow_style=&#8221;preset4&#8243; global_colors_info=&#8221;{}&#8221; sticky_transition=&#8221;on&#8221;][\/et_pb_slide][et_pb_slide heading=&#8221;WE BUY &#038; SELL GOLD COINS&#8221; use_bg_overlay=&#8221;on&#8221; _builder_version=&#8221;4.27.4&#8243; _module_preset=&#8221;default&#8221; header_font=&#8221;|&#8211;et_global_body_font_weight|||||||&#8221; header_font_size=&#8221;41px&#8221; background_image=&#8221;https:\/\/torontogold.com\/wp-content\/uploads\/2025\/01\/Gold-Coins.jpg&#8221; background_enable_image=&#8221;on&#8221; background_position=&#8221;center_right&#8221; header_text_shadow_style=&#8221;preset4&#8243; global_colors_info=&#8221;{}&#8221; sticky_transition=&#8221;on&#8221;][\/et_pb_slide][et_pb_slide heading=&#8221;WE BUY &#038; SELL SILVER BARS&#8221; use_bg_overlay=&#8221;on&#8221; _builder_version=&#8221;4.27.4&#8243; _module_preset=&#8221;default&#8221; header_font=&#8221;|&#8211;et_global_body_font_weight|||||||&#8221; header_font_size=&#8221;41px&#8221; background_image=&#8221;https:\/\/torontogold.com\/wp-content\/uploads\/2025\/01\/Silver-Bars.jpg&#8221; background_enable_image=&#8221;on&#8221; background_position=&#8221;center_right&#8221; header_text_shadow_style=&#8221;preset4&#8243; global_colors_info=&#8221;{}&#8221; sticky_transition=&#8221;on&#8221;][\/et_pb_slide][et_pb_slide heading=&#8221;WE BUY &#038; SELL SILVER COINS&#8221; use_bg_overlay=&#8221;on&#8221; _builder_version=&#8221;4.27.4&#8243; _module_preset=&#8221;default&#8221; header_font=&#8221;|&#8211;et_global_body_font_weight|||||||&#8221; header_font_size=&#8221;41px&#8221; background_image=&#8221;https:\/\/torontogold.com\/wp-content\/uploads\/2025\/01\/Silver-Coins.jpg&#8221; background_enable_image=&#8221;on&#8221; background_position=&#8221;center_right&#8221; header_text_shadow_style=&#8221;preset4&#8243; global_colors_info=&#8221;{}&#8221; sticky_transition=&#8221;on&#8221;][\/et_pb_slide][et_pb_slide heading=&#8221;WE BUY &#038; SELL WATCHES&#8221; use_bg_overlay=&#8221;on&#8221; _builder_version=&#8221;4.27.4&#8243; _module_preset=&#8221;default&#8221; header_font=&#8221;|&#8211;et_global_body_font_weight|||||||&#8221; header_font_size=&#8221;41px&#8221; background_image=&#8221;https:\/\/torontogold.com\/wp-content\/uploads\/2025\/01\/Watches2.jpg&#8221; background_enable_image=&#8221;on&#8221; background_position=&#8221;center_right&#8221; header_text_shadow_style=&#8221;preset4&#8243; global_colors_info=&#8221;{}&#8221; sticky_transition=&#8221;on&#8221;][\/et_pb_slide][et_pb_slide heading=&#8221;WE BUY &#038; SELL COINS&#8221; use_bg_overlay=&#8221;on&#8221; _builder_version=&#8221;4.27.4&#8243; _module_preset=&#8221;default&#8221; header_font=&#8221;|&#8211;et_global_body_font_weight|||||||&#8221; header_font_size=&#8221;41px&#8221; background_image=&#8221;https:\/\/torontogold.com\/wp-content\/uploads\/2025\/01\/Coins.jpg&#8221; background_enable_image=&#8221;on&#8221; background_position=&#8221;center_right&#8221; header_text_shadow_style=&#8221;preset4&#8243; global_colors_info=&#8221;{}&#8221; sticky_transition=&#8221;on&#8221;][\/et_pb_slide][et_pb_slide heading=&#8221;WE BUY &#038; SELL ESTATE COLLECTIONS&#8221; use_bg_overlay=&#8221;on&#8221; _builder_version=&#8221;4.27.4&#8243; _module_preset=&#8221;default&#8221; header_font=&#8221;|&#8211;et_global_body_font_weight|||||||&#8221; header_font_size=&#8221;41px&#8221; background_image=&#8221;https:\/\/torontogold.com\/wp-content\/uploads\/2025\/01\/CCC-Estate-Safe_3d-scaled-1.jpg&#8221; background_enable_image=&#8221;on&#8221; background_position=&#8221;center_right&#8221; header_font_size_tablet=&#8221;41px&#8221; header_font_size_phone=&#8221;35px&#8221; header_font_size_last_edited=&#8221;on|phone&#8221; header_text_shadow_style=&#8221;preset4&#8243; global_colors_info=&#8221;{}&#8221; sticky_transition=&#8221;on&#8221;][\/et_pb_slide][et_pb_slide heading=&#8221;WE BUY &#038; SELL PAPER MONEY&#8221; use_bg_overlay=&#8221;on&#8221; _builder_version=&#8221;4.27.4&#8243; _module_preset=&#8221;default&#8221; header_font=&#8221;|&#8211;et_global_body_font_weight|||||||&#8221; header_font_size=&#8221;41px&#8221; background_image=&#8221;https:\/\/torontogold.com\/wp-content\/uploads\/2025\/01\/Paper-Money.jpg&#8221; background_enable_image=&#8221;on&#8221; background_position=&#8221;center_right&#8221; header_text_shadow_style=&#8221;preset4&#8243; global_colors_info=&#8221;{}&#8221; sticky_transition=&#8221;on&#8221;][\/et_pb_slide][\/et_pb_slider][\/et_pb_column][\/et_pb_row][et_pb_row _builder_version=&#8221;4.27.4&#8243; _module_preset=&#8221;default&#8221; max_width=&#8221;1280px&#8221; custom_padding=&#8221;0px||0px||false|false&#8221; global_colors_info=&#8221;{}&#8221;][et_pb_column type=&#8221;4_4&#8243; _builder_version=&#8221;4.27.4&#8243; _module_preset=&#8221;default&#8221; global_colors_info=&#8221;{}&#8221;][et_pb_text admin_label=&#8221;Main Body Text&#8221; _builder_version=&#8221;4.27.4&#8243; _module_preset=&#8221;e2a92389-a1de-4ff6-afc8-481c2e3a7ec8&#8243; text_font=&#8221;&#8211;et_global_body_font||||||||&#8221; header_3_font=&#8221;||||||||&#8221; text_font_size_tablet=&#8221;&#8221; text_font_size_phone=&#8221;18px&#8221; text_font_size_last_edited=&#8221;on|phone&#8221; global_colors_info=&#8221;{}&#8221;]<\/p>\n<h3>Your Local Gold, Silver and Platinum Buyer &amp; Seller<\/h3>\n<p>We want to earn your trust and your repeat business. Every customer is treated with courtesy, honesty and respect, whether they are buying a single silver coin or selling a lifetime collection. Our stores are BBB accredited and we are proud to be a Royal Canadian Mint authorized dealer. These credentials reflect our commitment to ethical practices and high standards. We share what we know so you leave feeling confident about the value of your items. Our pricing model is straightforward and competitive, and our website lists current rates so you can check before you visit.<\/p>\n<p>[\/et_pb_text][et_pb_image src=&#8221;https:\/\/torontogold.com\/wp-content\/uploads\/2025\/08\/Toronto-Gold-Storefront.png&#8221; alt=&#8221;Canada Gold Toronto&#8221; title_text=&#8221;Toronto Gold Storefront&#8221; align=&#8221;center&#8221; _builder_version=&#8221;4.27.4&#8243; _module_preset=&#8221;default&#8221; width=&#8221;45%&#8221; width_tablet=&#8221;45%&#8221; width_phone=&#8221;100%&#8221; width_last_edited=&#8221;on|phone&#8221; custom_css_main_element=&#8221;float:left;||margin-right: 30px;&#8221; global_colors_info=&#8221;{}&#8221;][\/et_pb_image][et_pb_text admin_label=&#8221;Main Body Text&#8221; _builder_version=&#8221;4.27.4&#8243; _module_preset=&#8221;e2a92389-a1de-4ff6-afc8-481c2e3a7ec8&#8243; text_font=&#8221;&#8211;et_global_body_font||||||||&#8221; header_3_font=&#8221;||||||||&#8221; hover_enabled=&#8221;0&#8243; text_font_size_tablet=&#8221;&#8221; text_font_size_phone=&#8221;18px&#8221; text_font_size_last_edited=&#8221;on|phone&#8221; global_colors_info=&#8221;{}&#8221; sticky_enabled=&#8221;0&#8243;]<\/p>\n<h3>Visit Us To Experience the Difference<\/h3>\n<p><span style=\"font-weight: 400;\">Canada Gold is family-owned, and our staff grow with us. Many have been part of our team for years, building their knowledge of precious metals, numismatics, jewellery and customer service through ongoing training and hands-on experience. That expertise has helped us become Canada\u2019s largest precious metals dealer, serving hundreds of thousands of Canadians from coast to coast. Our Toronto team brings the same professionalism, transparency and care that built our reputation. From the first hello to your final decision, you will know you are in capable hands.\u00a0<\/span><\/p>\n<p>Our 829 Bloor Street West address is safe, conveniently located and surrounded by great stores, restaurants and other business to patronize.\u00a0 Whether you visit us expressly to buy or sell gold or stop in for an evaluation on a piece of old jewelry while shopping and dining, we&#8217;re always glad to see you.\u00a0 <span style=\"font-weight: 400;\">Come see why we have thousands of repeat customers who share their positive stories about doing business with us with their own friends and family.<\/span>\u00a0<\/p>\n<p>[\/et_pb_text][\/et_pb_column][\/et_pb_row][\/et_pb_section]<\/p>\n","protected":false},"excerpt":{"rendered":"<p><span><span><a href=\"https:\/\/torontogold.com\/\">Home<\/a><\/span><\/span>Earning Toronto\u2019s Trust When we started Canada Gold almost two decades ago, selling gold in Canada often meant stepping into pawn shops or mailing your items away. Prices were rarely posted, important details were kept from you and negotiations aimed to pay as little as possible to customers. We set out to create a better [&hellip;]<\/p>\n","protected":false},"author":1,"featured_media":0,"parent":0,"menu_order":0,"comment_status":"closed","ping_status":"closed","template":"","meta":{"_acf_changed":false,"_et_pb_use_builder":"on","_et_pb_old_content":"","_et_gb_content_width":"","footnotes":""},"class_list":["post-71853","page","type-page","status-publish","hentry"],"acf":[],"yoast_head":"<!-- This site is optimized with the Yoast SEO plugin v27.3 - https:\/\/yoast.com\/product\/yoast-seo-wordpress\/ -->\n<title>Best Place To Buy &amp; Sell Gold - Toronto Gold<\/title>\n<meta name=\"description\" content=\"Learn about Canada Gold and what makes our locations across the country the best places to buy and sell gold.\" \/>\n<meta name=\"robots\" content=\"index, follow, max-snippet:-1, max-image-preview:large, max-video-preview:-1\" \/>\n<link rel=\"canonical\" href=\"https:\/\/torontogold.com\/fr\/about-canada-gold-toronto\/\" \/>\n<meta property=\"og:locale\" content=\"fr_CA\" \/>\n<meta property=\"og:type\" content=\"article\" \/>\n<meta property=\"og:title\" content=\"Best Place To Buy &amp; Sell Gold - Toronto Gold\" \/>\n<meta property=\"og:description\" content=\"Learn about Canada Gold and what makes our locations across the country the best places to buy and sell gold.\" \/>\n<meta property=\"og:url\" content=\"https:\/\/torontogold.com\/fr\/about-canada-gold-toronto\/\" \/>\n<meta property=\"og:site_name\" content=\"Toronto Gold\" \/>\n<meta property=\"article:publisher\" content=\"https:\/\/www.facebook.com\/CanadaGoldBBB\" \/>\n<meta property=\"article:modified_time\" content=\"2025-08-17T02:41:15+00:00\" \/>\n<meta property=\"og:image\" content=\"https:\/\/torontogold.com\/wp-content\/uploads\/2025\/07\/canadagold-logo-satellites-TORONTO.png\" \/>\n\t<meta property=\"og:image:width\" content=\"1015\" \/>\n\t<meta property=\"og:image:height\" content=\"191\" \/>\n\t<meta property=\"og:image:type\" content=\"image\/png\" \/>\n<meta name=\"twitter:card\" content=\"summary_large_image\" \/>\n<meta name=\"twitter:site\" content=\"@CanadaGoldBBB\" \/>\n<meta name=\"twitter:label1\" content=\"Estimation du temps de lecture\" \/>\n\t<meta name=\"twitter:data1\" content=\"3 minutes\" \/>\n<script type=\"application\/ld+json\" class=\"yoast-schema-graph\">{\"@context\":\"https:\\\/\\\/schema.org\",\"@graph\":[{\"@type\":\"WebPage\",\"@id\":\"https:\\\/\\\/torontogold.com\\\/about-canada-gold-toronto\\\/\",\"url\":\"https:\\\/\\\/torontogold.com\\\/about-canada-gold-toronto\\\/\",\"name\":\"Best Place To Buy & Sell Gold - Toronto Gold\",\"isPartOf\":{\"@id\":\"https:\\\/\\\/torontogold.com\\\/#website\"},\"datePublished\":\"2025-02-18T14:56:01+00:00\",\"dateModified\":\"2025-08-17T02:41:15+00:00\",\"description\":\"Learn about Canada Gold and what makes our locations across the country the best places to buy and sell gold.\",\"breadcrumb\":{\"@id\":\"https:\\\/\\\/torontogold.com\\\/about-canada-gold-toronto\\\/#breadcrumb\"},\"inLanguage\":\"fr-CA\",\"potentialAction\":[{\"@type\":\"ReadAction\",\"target\":[\"https:\\\/\\\/torontogold.com\\\/about-canada-gold-toronto\\\/\"]}]},{\"@type\":\"BreadcrumbList\",\"@id\":\"https:\\\/\\\/torontogold.com\\\/about-canada-gold-toronto\\\/#breadcrumb\",\"itemListElement\":[{\"@type\":\"ListItem\",\"position\":1,\"name\":\"Home\",\"item\":\"https:\\\/\\\/torontogold.com\\\/\"},{\"@type\":\"ListItem\",\"position\":2,\"name\":\"About Canada Gold Toronto\"}]},{\"@type\":\"WebSite\",\"@id\":\"https:\\\/\\\/torontogold.com\\\/#website\",\"url\":\"https:\\\/\\\/torontogold.com\\\/\",\"name\":\"Canada Gold - Toronto\",\"description\":\"A Division of Canada Gold\",\"publisher\":{\"@id\":\"https:\\\/\\\/torontogold.com\\\/#organization\"},\"alternateName\":\"Toronto Gold\",\"potentialAction\":[{\"@type\":\"SearchAction\",\"target\":{\"@type\":\"EntryPoint\",\"urlTemplate\":\"https:\\\/\\\/torontogold.com\\\/?s={search_term_string}\"},\"query-input\":{\"@type\":\"PropertyValueSpecification\",\"valueRequired\":true,\"valueName\":\"search_term_string\"}}],\"inLanguage\":\"fr-CA\"},{\"@type\":\"Organization\",\"@id\":\"https:\\\/\\\/torontogold.com\\\/#organization\",\"name\":\"Toronto Gold\",\"url\":\"https:\\\/\\\/torontogold.com\\\/\",\"logo\":{\"@type\":\"ImageObject\",\"inLanguage\":\"fr-CA\",\"@id\":\"https:\\\/\\\/torontogold.com\\\/#\\\/schema\\\/logo\\\/image\\\/\",\"url\":\"https:\\\/\\\/torontogold.com\\\/wp-content\\\/uploads\\\/2025\\\/08\\\/Canada-Gold-Regional-Web-Logo-Navy-With-White-Background_Toronto.png\",\"contentUrl\":\"https:\\\/\\\/torontogold.com\\\/wp-content\\\/uploads\\\/2025\\\/08\\\/Canada-Gold-Regional-Web-Logo-Navy-With-White-Background_Toronto.png\",\"width\":879,\"height\":156,\"caption\":\"Toronto Gold\"},\"image\":{\"@id\":\"https:\\\/\\\/torontogold.com\\\/#\\\/schema\\\/logo\\\/image\\\/\"},\"sameAs\":[\"https:\\\/\\\/www.facebook.com\\\/CanadaGoldBBB\",\"https:\\\/\\\/x.com\\\/CanadaGoldBBB\",\"https:\\\/\\\/www.instagram.com\\\/torontogold.com\\\/\"]}]}<\/script>\n<!-- \/ Yoast SEO plugin. -->","yoast_head_json":{"title":"Meilleur endroit pour acheter et vendre de l'or - Toronto Gold","description":"D\u00e9couvrez Canada Gold et ce qui fait de nos \u00e9tablissements \u00e0 travers le pays les meilleurs endroits pour acheter et vendre de l'or.","robots":{"index":"index","follow":"follow","max-snippet":"max-snippet:-1","max-image-preview":"max-image-preview:large","max-video-preview":"max-video-preview:-1"},"canonical":"https:\/\/torontogold.com\/fr\/about-canada-gold-toronto\/","og_locale":"fr_CA","og_type":"article","og_title":"Best Place To Buy & Sell Gold - Toronto Gold","og_description":"Learn about Canada Gold and what makes our locations across the country the best places to buy and sell gold.","og_url":"https:\/\/torontogold.com\/fr\/about-canada-gold-toronto\/","og_site_name":"Toronto Gold","article_publisher":"https:\/\/www.facebook.com\/CanadaGoldBBB","article_modified_time":"2025-08-17T02:41:15+00:00","og_image":[{"width":1015,"height":191,"url":"https:\/\/torontogold.com\/wp-content\/uploads\/2025\/07\/canadagold-logo-satellites-TORONTO.png","type":"image\/png"}],"twitter_card":"summary_large_image","twitter_site":"@CanadaGoldBBB","twitter_misc":{"Estimation du temps de lecture":"3 minutes"},"schema":{"@context":"https:\/\/schema.org","@graph":[{"@type":"WebPage","@id":"https:\/\/torontogold.com\/about-canada-gold-toronto\/","url":"https:\/\/torontogold.com\/about-canada-gold-toronto\/","name":"Meilleur endroit pour acheter et vendre de l'or - Toronto Gold","isPartOf":{"@id":"https:\/\/torontogold.com\/#website"},"datePublished":"2025-02-18T14:56:01+00:00","dateModified":"2025-08-17T02:41:15+00:00","description":"D\u00e9couvrez Canada Gold et ce qui fait de nos \u00e9tablissements \u00e0 travers le pays les meilleurs endroits pour acheter et vendre de l'or.","breadcrumb":{"@id":"https:\/\/torontogold.com\/about-canada-gold-toronto\/#breadcrumb"},"inLanguage":"fr-CA","potentialAction":[{"@type":"ReadAction","target":["https:\/\/torontogold.com\/about-canada-gold-toronto\/"]}]},{"@type":"BreadcrumbList","@id":"https:\/\/torontogold.com\/about-canada-gold-toronto\/#breadcrumb","itemListElement":[{"@type":"ListItem","position":1,"name":"Home","item":"https:\/\/torontogold.com\/"},{"@type":"ListItem","position":2,"name":"About Canada Gold Toronto"}]},{"@type":"WebSite","@id":"https:\/\/torontogold.com\/#website","url":"https:\/\/torontogold.com\/","name":"Canada Gold - Toronto","description":"Une division de Canada Gold","publisher":{"@id":"https:\/\/torontogold.com\/#organization"},"alternateName":"Toronto Gold","potentialAction":[{"@type":"SearchAction","target":{"@type":"EntryPoint","urlTemplate":"https:\/\/torontogold.com\/?s={search_term_string}"},"query-input":{"@type":"PropertyValueSpecification","valueRequired":true,"valueName":"search_term_string"}}],"inLanguage":"fr-CA"},{"@type":"Organization","@id":"https:\/\/torontogold.com\/#organization","name":"Toronto Gold","url":"https:\/\/torontogold.com\/","logo":{"@type":"ImageObject","inLanguage":"fr-CA","@id":"https:\/\/torontogold.com\/#\/schema\/logo\/image\/","url":"https:\/\/torontogold.com\/wp-content\/uploads\/2025\/08\/Canada-Gold-Regional-Web-Logo-Navy-With-White-Background_Toronto.png","contentUrl":"https:\/\/torontogold.com\/wp-content\/uploads\/2025\/08\/Canada-Gold-Regional-Web-Logo-Navy-With-White-Background_Toronto.png","width":879,"height":156,"caption":"Toronto Gold"},"image":{"@id":"https:\/\/torontogold.com\/#\/schema\/logo\/image\/"},"sameAs":["https:\/\/www.facebook.com\/CanadaGoldBBB","https:\/\/x.com\/CanadaGoldBBB","https:\/\/www.instagram.com\/torontogold.com\/"]}]}},"_links":{"self":[{"href":"https:\/\/torontogold.com\/fr\/wp-json\/wp\/v2\/pages\/71853","targetHints":{"allow":["GET"]}}],"collection":[{"href":"https:\/\/torontogold.com\/fr\/wp-json\/wp\/v2\/pages"}],"about":[{"href":"https:\/\/torontogold.com\/fr\/wp-json\/wp\/v2\/types\/page"}],"author":[{"embeddable":true,"href":"https:\/\/torontogold.com\/fr\/wp-json\/wp\/v2\/users\/1"}],"replies":[{"embeddable":true,"href":"https:\/\/torontogold.com\/fr\/wp-json\/wp\/v2\/comments?post=71853"}],"version-history":[{"count":0,"href":"https:\/\/torontogold.com\/fr\/wp-json\/wp\/v2\/pages\/71853\/revisions"}],"wp:attachment":[{"href":"https:\/\/torontogold.com\/fr\/wp-json\/wp\/v2\/media?parent=71853"}],"curies":[{"name":"wp","href":"https:\/\/api.w.org\/{rel}","templated":true}]}}